{"id":5908,"date":"2017-12-22T08:46:48","date_gmt":"2017-12-22T08:46:48","guid":{"rendered":"https:\/\/www.volvertours.com\/?page_id=5908"},"modified":"2018-01-02T21:41:35","modified_gmt":"2018-01-02T21:41:35","slug":"appartment-nicolo","status":"publish","type":"page","link":"https:\/\/www.volvertours.com\/index.php\/fr\/appartment-nicolo\/","title":{"rendered":"Appartement NICOLO"},"content":{"rendered":"<p>[vc_row content_width=&#8221;grid&#8221; css=&#8221;.vc_custom_1513073885285{padding-top: 50px !important;padding-bottom: 71px !important;background-color: #f9f9f9 !important;}&#8221;][vc_column width=&#8221;1\/2&#8243; offset=&#8221;vc_col-md-6&#8243;][vc_empty_space height=&#8221;30&#8243;][vc_text_separator title=&#8221;SITUATION&#8221;][vc_column_text]2\u00e8me \u00e9tage<br \/>\nStudio face\u00a0ascenseur[\/vc_column_text][vc_empty_space height=&#8221;25&#8243;][vc_text_separator title=&#8221;CARACT\u00c9RISTIQUES&#8221;][vc_column_text]Un lit double + 1 lit suppl\u00e9mentaire pliant,<br \/>\nUn canap\u00e9 lit double,<br \/>\nCoin salon, TV<br \/>\nCuisine meubl\u00e9e et \u00e9quip\u00e9e, Micro ondes<br \/>\nSalle de bains, machine \u00e0 laver, WC s\u00e9par\u00e9s<br \/>\nT\u00e9l\u00e9phone local et acc\u00e8s internet gratuit[\/vc_column_text][vc_empty_space height=&#8221;25&#8243;][vc_text_separator title=&#8221;TARIFS en Euros par nuit&#8221;][vc_column_text]<strong>2 \u00e0 4 nuits:<\/strong> <span style=\"color: #ff0000;\"><strong>200 Euro<\/strong><\/span><\/p>\n<p><strong>4 nuits et +<\/strong>: <span style=\"color: #ff0000;\"><strong>160 Euro<\/strong><\/span>[\/vc_column_text][vc_empty_space height=&#8221;50&#8243;][\/vc_column][vc_column width=&#8221;1\/2&#8243; css=&#8221;.vc_custom_1513073942530{padding-top: 30px !important;}&#8221;][vc_single_image image=&#8221;5994&#8243; img_size=&#8221;large&#8221;][\/vc_column][\/vc_row]<\/p>\n","protected":false},"excerpt":{"rendered":"<p>[vc_row content_width=&#8221;grid&#8221; css=&#8221;.vc_custom_1513073885285{padding-top: 50px !important;padding-bottom: 71px !important;background-color: #f9f9f9 !important;}&#8221;][vc_column width=&#8221;1\/2&#8243; offset=&#8221;vc_col-md-6&#8243;][vc_empty_space height=&#8221;30&#8243;][vc_text_separator title=&#8221;SITUATION&#8221;][vc_column_text]2\u00e8me \u00e9tage Studio face\u00a0ascenseur[\/vc_column_text][vc_empty_space height=&#8221;25&#8243;][vc_text_separator title=&#8221;CARACT\u00c9RISTIQUES&#8221;][vc_column_text]Un lit double + 1 lit suppl\u00e9mentaire pliant, Un canap\u00e9 lit double, Coin salon, TV Cuisine meubl\u00e9e et \u00e9quip\u00e9e, Micro ondes Salle de bains, machine \u00e0 laver, WC [&hellip;]<\/p>\n","protected":false},"author":1,"featured_media":0,"parent":0,"menu_order":0,"comment_status":"closed","ping_status":"closed","template":"full-width.php","meta":{"om_disable_all_campaigns":false,"_mi_skip_tracking":false,"_exactmetrics_sitenote_active":false,"_exactmetrics_sitenote_note":"","_exactmetrics_sitenote_category":0},"_links":{"self":[{"href":"https:\/\/www.volvertours.com\/index.php\/wp-json\/wp\/v2\/pages\/5908"}],"collection":[{"href":"https:\/\/www.volvertours.com\/index.php\/wp-json\/wp\/v2\/pages"}],"about":[{"href":"https:\/\/www.volvertours.com\/index.php\/wp-json\/wp\/v2\/types\/page"}],"author":[{"embeddable":true,"href":"https:\/\/www.volvertours.com\/index.php\/wp-json\/wp\/v2\/users\/1"}],"replies":[{"embeddable":true,"href":"https:\/\/www.volvertours.com\/index.php\/wp-json\/wp\/v2\/comments?post=5908"}],"version-history":[{"count":9,"href":"https:\/\/www.volvertours.com\/index.php\/wp-json\/wp\/v2\/pages\/5908\/revisions"}],"predecessor-version":[{"id":5999,"href":"https:\/\/www.volvertours.com\/index.php\/wp-json\/wp\/v2\/pages\/5908\/revisions\/5999"}],"wp:attachment":[{"href":"https:\/\/www.volvertours.com\/index.php\/wp-json\/wp\/v2\/media?parent=5908"}],"curies":[{"name":"wp","href":"https:\/\/api.w.org\/{rel}","templated":true}]}}