{"id":4640,"date":"2017-04-05T19:13:48","date_gmt":"2017-04-05T19:13:48","guid":{"rendered":"https:\/\/volvertours.com\/?page_id=4640"},"modified":"2018-01-02T13:52:03","modified_gmt":"2018-01-02T13:52:03","slug":"coffret-cadeau","status":"publish","type":"page","link":"https:\/\/www.volvertours.com\/index.php\/fr\/coffret-cadeau\/","title":{"rendered":"Coffret cadeau"},"content":{"rendered":"<p>[vc_row content_width=&#8221;grid&#8221; css=&#8221;.vc_custom_1478528916943{padding-top: 119px !important;padding-bottom: 71px !important;background-color: #f9f9f9 !important;}&#8221;][vc_column width=&#8221;1\/2&#8243; offset=&#8221;vc_col-md-6&#8243;][vc_column_text][\/vc_column_text][vc_empty_space height=&#8221;15&#8243; el_class=&#8221;Offrez un voyage en coffret cadeau !&#8221;][vc_column_text]<strong>Offrez un voyage en coffret cadeau !<br \/>\n<\/strong><\/p>\n<p>Faites plaisir \u00e0 ceux que vous aimez.<\/p>\n<p>Offrez un voyage en coffret-cadeau\u00a0: escapade gastronomique, week-end romantique, spa, trecking, nuit insolite\u2026<\/p>\n<p>Du r\u00eave envelopp\u00e9 dans un paquet-cadeau \u00e0 offrir\u00a0pour toute occasion\u00a0: anniversaire, mariage, no\u00ebl ou toute autre c\u00e9l\u00e9bration de la vie\u00a0!<\/p>\n<p>Consultez notre site web pour faire plaisir en offrant un voyage cl\u00e9 en main<\/p>\n<p>(A partir de 100 dollars)<\/p>\n<p><strong>\u00a0<\/strong>[\/vc_column_text][vc_empty_space height=&#8221;50&#8243;][\/vc_column][\/vc_row]<\/p>\n","protected":false},"excerpt":{"rendered":"<p>[vc_row content_width=&#8221;grid&#8221; css=&#8221;.vc_custom_1478528916943{padding-top: 119px !important;padding-bottom: 71px !important;background-color: #f9f9f9 !important;}&#8221;][vc_column width=&#8221;1\/2&#8243; offset=&#8221;vc_col-md-6&#8243;][vc_column_text][\/vc_column_text][vc_empty_space height=&#8221;15&#8243; el_class=&#8221;Offrez un voyage en coffret cadeau !&#8221;][vc_column_text]Offrez un voyage en coffret cadeau ! Faites plaisir \u00e0 ceux que vous aimez. Offrez un voyage en coffret-cadeau\u00a0: escapade gastronomique, week-end romantique, spa, trecking, nuit insolite\u2026 [&hellip;]<\/p>\n","protected":false},"author":1,"featured_media":0,"parent":0,"menu_order":0,"comment_status":"closed","ping_status":"closed","template":"full-width.php","meta":{"om_disable_all_campaigns":false,"_mi_skip_tracking":false,"_exactmetrics_sitenote_active":false,"_exactmetrics_sitenote_note":"","_exactmetrics_sitenote_category":0},"_links":{"self":[{"href":"https:\/\/www.volvertours.com\/index.php\/wp-json\/wp\/v2\/pages\/4640"}],"collection":[{"href":"https:\/\/www.volvertours.com\/index.php\/wp-json\/wp\/v2\/pages"}],"about":[{"href":"https:\/\/www.volvertours.com\/index.php\/wp-json\/wp\/v2\/types\/page"}],"author":[{"embeddable":true,"href":"https:\/\/www.volvertours.com\/index.php\/wp-json\/wp\/v2\/users\/1"}],"replies":[{"embeddable":true,"href":"https:\/\/www.volvertours.com\/index.php\/wp-json\/wp\/v2\/comments?post=4640"}],"version-history":[{"count":6,"href":"https:\/\/www.volvertours.com\/index.php\/wp-json\/wp\/v2\/pages\/4640\/revisions"}],"predecessor-version":[{"id":5954,"href":"https:\/\/www.volvertours.com\/index.php\/wp-json\/wp\/v2\/pages\/4640\/revisions\/5954"}],"wp:attachment":[{"href":"https:\/\/www.volvertours.com\/index.php\/wp-json\/wp\/v2\/media?parent=4640"}],"curies":[{"name":"wp","href":"https:\/\/api.w.org\/{rel}","templated":true}]}}